{"id":682,"date":"2021-06-29T22:55:57","date_gmt":"2021-06-29T20:55:57","guid":{"rendered":"https:\/\/coeur-deyoga.com\/?page_id=682"},"modified":"2025-12-30T18:33:11","modified_gmt":"2025-12-30T17:33:11","slug":"mon-parcours","status":"publish","type":"page","link":"https:\/\/coeur-deyoga.com\/index.php\/mon-parcours\/","title":{"rendered":"Mon parcours"},"content":{"rendered":"<ul>\n<li>Formation 300 heures, Hatha yoga, Viniyoga, Raja yoga aupr\u00e8s de l\u2019institut Phusis\u00a0<a href=\"https:\/\/institut-phusis.fr\/\">https:\/\/institut-phusis.fr\/<\/a>.<\/li>\n<li>Dipl\u00f4m\u00e9e par l\u2019<em>Universit\u00e9 Internationale de Yoga<\/em>\u00a0de <em>Maryse Lehoux<\/em>,\u00a0<a href=\"https:\/\/universitedeyoga.com\/\">https:\/\/universitedeyoga.com\/<\/a> fondatrice du <em>Studio Diva Yoga<\/em>.<\/li>\n<li>Formation aupr\u00e8s d\u2019Anne Soulet <a href=\"https:\/\/www.mbsr-nimes.com\/telechargements.html\">https:\/\/www.mbsr-nimes.com\/telechargements.html<\/a> le Programme MBSR (Mindfulness Based Stress Reduction)<\/li>\n<li>Formation Yoga Restauratif aupr\u00e8s d\u2019Audrey Favreau <a href=\"https:\/\/restorativeyoga.fr\/\">https:\/\/restorativeyoga.fr\/<\/a> form\u00e9e par Judith Hanson Lasater et Bo Forbes.<\/li>\n<li>Formation 200 heures Yoga dynamique et Yin Yoga (Yoga doux et m\u00e9ditatif) aupr\u00e8s de Ludivine Poirier, dipl\u00f4m\u00e9e Yoga Sivananda en Inde et \u00a0Power Yoga \u00e0 Santa Monica Californie.<\/li>\n<li>Formation sp\u00e9cifique en Hypnom\u00e9ditation\u00ae, pranayama et \u00e9nergie aupr\u00e8s de C\u00e9cile Miconnet Green Yoga*.<\/li>\n<li>Dipl\u00f4m\u00e9e en Yoga du rire, aupr\u00e8s de l\u2019Ecole Internationale du Rire \u00e0 S\u00e8te, de Corinne Cosseron.<\/li>\n<li>J\u2019exerce \u00e9galement le m\u00e9tier d\u2019art-th\u00e9rapeute sp\u00e9cialis\u00e9e en danse-th\u00e9rapie. Form\u00e9e aupr\u00e8s du CERFPA de Saint Laurent du Var.<\/li>\n<\/ul>\n","protected":false},"excerpt":{"rendered":"<p>Formation 300 heures, Hatha yoga, Viniyoga, Raja yoga aupr\u00e8s de l\u2019institut Phusis\u00a0https:\/\/institut-phusis.fr\/. Dipl\u00f4m\u00e9e par l\u2019Universit\u00e9 Internationale de Yoga\u00a0de Maryse Lehoux,\u00a0https:\/\/universitedeyoga.com\/ fondatrice du Studio Diva Yoga. Formation aupr\u00e8s d\u2019Anne Soulet https:\/\/www.mbsr-nimes.com\/telechargements.html le Programme MBSR (Mindfulness Based Stress Reduction) Formation Yoga Restauratif aupr\u00e8s d\u2019Audrey Favreau https:\/\/restorativeyoga.fr\/ form\u00e9e par Judith Hanson Lasater et &hellip; <\/p>\n","protected":false},"author":1,"featured_media":0,"parent":0,"menu_order":0,"comment_status":"closed","ping_status":"closed","template":"","meta":{"footnotes":""},"class_list":["post-682","page","type-page","status-publish","hentry","has-meta has-sticky-meta"],"_links":{"self":[{"href":"https:\/\/coeur-deyoga.com\/index.php\/wp-json\/wp\/v2\/pages\/682","targetHints":{"allow":["GET"]}}],"collection":[{"href":"https:\/\/coeur-deyoga.com\/index.php\/wp-json\/wp\/v2\/pages"}],"about":[{"href":"https:\/\/coeur-deyoga.com\/index.php\/wp-json\/wp\/v2\/types\/page"}],"author":[{"embeddable":true,"href":"https:\/\/coeur-deyoga.com\/index.php\/wp-json\/wp\/v2\/users\/1"}],"replies":[{"embeddable":true,"href":"https:\/\/coeur-deyoga.com\/index.php\/wp-json\/wp\/v2\/comments?post=682"}],"version-history":[{"count":41,"href":"https:\/\/coeur-deyoga.com\/index.php\/wp-json\/wp\/v2\/pages\/682\/revisions"}],"predecessor-version":[{"id":929,"href":"https:\/\/coeur-deyoga.com\/index.php\/wp-json\/wp\/v2\/pages\/682\/revisions\/929"}],"wp:attachment":[{"href":"https:\/\/coeur-deyoga.com\/index.php\/wp-json\/wp\/v2\/media?parent=682"}],"curies":[{"name":"wp","href":"https:\/\/api.w.org\/{rel}","templated":true}]}}