{"id":137,"date":"2021-04-30T18:37:43","date_gmt":"2021-04-30T16:37:43","guid":{"rendered":"http:\/\/coeur-deyoga.com\/?page_id=137"},"modified":"2021-10-22T17:59:24","modified_gmt":"2021-10-22T15:59:24","slug":"meditation","status":"publish","type":"page","link":"https:\/\/coeur-deyoga.com\/index.php\/meditation\/","title":{"rendered":"M\u00e9ditation"},"content":{"rendered":"\t\t<div data-elementor-type=\"wp-page\" data-elementor-id=\"137\" class=\"elementor elementor-137\" data-elementor-settings=\"[]\">\n\t\t\t\t\t\t\t<div class=\"elementor-section-wrap\">\n\t\t\t\t\t\t\t<section class=\"elementor-section elementor-top-section elementor-element elementor-element-fcb79f6 elementor-section-boxed elementor-section-height-default elementor-section-height-default\" data-id=\"fcb79f6\" data-element_type=\"section\">\n\t\t\t\t\t\t<div class=\"elementor-container elementor-column-gap-default\">\n\t\t\t\t\t<div class=\"elementor-column elementor-col-100 elementor-top-column elementor-element elementor-element-d1ac166\" data-id=\"d1ac166\" data-element_type=\"column\">\n\t\t\t<div class=\"elementor-widget-wrap elementor-element-populated\">\n\t\t\t\t\t\t\t\t<div class=\"elementor-element elementor-element-98fcdbe elementor-widget elementor-widget-image\" data-id=\"98fcdbe\" data-element_type=\"widget\" data-widget_type=\"image.default\">\n\t\t\t\t<div class=\"elementor-widget-container\">\n\t\t\t\t\t\t\t\t\t\t\t\t\t\t\t<img loading=\"lazy\" decoding=\"async\" width=\"760\" height=\"548\" src=\"https:\/\/coeur-deyoga.com\/wp-content\/uploads\/2021\/04\/spiritualism-4552237_1920-1024x739.jpg\" class=\"attachment-large size-large\" alt=\"\" srcset=\"https:\/\/coeur-deyoga.com\/wp-content\/uploads\/2021\/04\/spiritualism-4552237_1920-1024x739.jpg 1024w, https:\/\/coeur-deyoga.com\/wp-content\/uploads\/2021\/04\/spiritualism-4552237_1920-600x433.jpg 600w, https:\/\/coeur-deyoga.com\/wp-content\/uploads\/2021\/04\/spiritualism-4552237_1920-300x217.jpg 300w, https:\/\/coeur-deyoga.com\/wp-content\/uploads\/2021\/04\/spiritualism-4552237_1920-768x554.jpg 768w, https:\/\/coeur-deyoga.com\/wp-content\/uploads\/2021\/04\/spiritualism-4552237_1920-1536x1109.jpg 1536w, https:\/\/coeur-deyoga.com\/wp-content\/uploads\/2021\/04\/spiritualism-4552237_1920-830x599.jpg 830w, https:\/\/coeur-deyoga.com\/wp-content\/uploads\/2021\/04\/spiritualism-4552237_1920-230x166.jpg 230w, https:\/\/coeur-deyoga.com\/wp-content\/uploads\/2021\/04\/spiritualism-4552237_1920-350x253.jpg 350w, https:\/\/coeur-deyoga.com\/wp-content\/uploads\/2021\/04\/spiritualism-4552237_1920-480x347.jpg 480w, https:\/\/coeur-deyoga.com\/wp-content\/uploads\/2021\/04\/spiritualism-4552237_1920.jpg 1920w\" sizes=\"auto, (max-width: 760px) 100vw, 760px\" \/>\t\t\t\t\t\t\t\t\t\t\t\t\t\t\t<\/div>\n\t\t\t\t<\/div>\n\t\t\t\t\t<\/div>\n\t\t<\/div>\n\t\t\t\t\t\t\t<\/div>\n\t\t<\/section>\n\t\t\t\t<section class=\"elementor-section elementor-top-section elementor-element elementor-element-8d24642 elementor-section-boxed elementor-section-height-default elementor-section-height-default\" data-id=\"8d24642\" data-element_type=\"section\">\n\t\t\t\t\t\t<div class=\"elementor-container elementor-column-gap-default\">\n\t\t\t\t\t<div class=\"elementor-column elementor-col-100 elementor-top-column elementor-element elementor-element-1498e88\" data-id=\"1498e88\" data-element_type=\"column\">\n\t\t\t<div class=\"elementor-widget-wrap elementor-element-populated\">\n\t\t\t\t\t\t\t\t<div class=\"elementor-element elementor-element-df77988 elementor-widget elementor-widget-text-editor\" data-id=\"df77988\" data-element_type=\"widget\" data-widget_type=\"text-editor.default\">\n\t\t\t\t<div class=\"elementor-widget-container\">\n\t\t\t\t\t\t\t<p>La m\u00e9ditation est un \u00e9l\u00e9ment essentiel dans la pratique du Yoga. Elle fait partie des 8 branches de l&rsquo;arbre du Yoga. Son nom sanskrit est Dyana. Ce n&rsquo;est pas toujours facile d&rsquo;expliquer ce qu&rsquo;est la m\u00e9ditation car c&rsquo;est une exp\u00e9rience si personnelle mais c&rsquo;est avec plaisir que je vous partage volontiers ce que je ressens et comment, si je peux dire ainsi, j&rsquo;ai compris la m\u00e9ditation.<\/p>\n<p>C&rsquo;est pour moi ce qui met le plus en pratique les enseignements des Yoga Sutras.&nbsp; On retrouve \u00e0 plusieurs reprises dans les aphorismes de Patanjali&nbsp;<a href=\"https:\/\/yoga.rabourdin.com\/comment-lire-les-yoga-sutras-de-patanjali\/\" style=\"background-color: rgb(255, 255, 255);\">https:\/\/yoga.rabourdin.com\/comment-lire-les-yoga-sutras-de-patanjali\/<\/a>&nbsp;des sutras qui traitent de la m\u00e9ditation. D&rsquo;autres courants de Yoga tel que celui du Cachemire, Yoga non dualiste, met au coeur de son enseignement la m\u00e9ditation et les diff\u00e9rentes techniques associ\u00e9es.<\/p>\n<p>Patanjali nous explique, que la m\u00e9ditation se fait en 3 \u00e9tapes. La premi\u00e8re est Dharana (la concentration sur un support d\u00e9termin\u00e9e, puis Dhyana (le fait de maintenir cette concentration pendant un certain temps) pour aller vers Samadhi (le fait de d\u00e9passer la dualit\u00e9 entre soi et le support). C&rsquo;est l&rsquo;ensemble des trois qui forme Samyama, qui est de rester concentr\u00e9 longtemps sans s\u00e9paration.<\/p>\n<p>La m\u00e9ditation a donc plusieurs \u00e9tats et plusieurs stations et cette id\u00e9e l\u00e0 m&rsquo;a s\u00e9duite d\u00e8s les premi\u00e8res fois car elle ressemble \u00e0 un voyage dans lequel je ne me sens pas fig\u00e9e.<\/p>\n<p>L&rsquo;objet sur lequel la concentration se pose peut \u00eatre de diverses natures. Grossier comme un arbre, une bougie, plus conceptuel, comme une image de l&rsquo;objet ou un mantra, plus sensoriel comme les \u00e9motions ou les sensations ou bien encore plus globale, comme la conscience du Soi.<\/p>\n<p>L&rsquo;exp\u00e9rience de la m\u00e9ditation est pour moi, une exp\u00e9rience directe du Vivant. C&rsquo;est l&rsquo;exp\u00e9rience directe qui me permet d&rsquo;observer les diff\u00e9rents \u00e9tats qui me traversent et de cueillir en conscience ce qui m&rsquo;habite. Suis-je agit\u00e9e mentalement, physiquement, \u00e9motionnellement, \u00e9nerg\u00e9tiquement ou pas ? Ai-je un souffle lent, saccad\u00e9, profond, nourrissant ou \u00e0 peine perceptible ? Suis-je ancr\u00e9e ou bien plut\u00f4t flottante ? Suis-je bienveillante, ouverte ou dans le jugement, la souffrance ?&nbsp;<span style=\"font-family: Prompt, serif; font-size: 15pt; color: var(--font-color);\">M\u00e9diter m&rsquo;offre parfois le cadeau de placer ma conscience au c\u0153ur\nde l\u2019instant pr\u00e9sent au moment o\u00f9 je m\u00e9dite et o\u00f9 je suis consciente que je\nm\u00e9dite pendant que je me d\u00e9tache de cela. C&rsquo;est alors que je d\u00e9couvre comme une conscience\noriginelle, sans peur, sans faille, sans doute, sans attente, sans restriction et sans jugement&nbsp;! Incluant\nle dedans, le dehors, le dessus, le dessous, les c\u00f4t\u00e9s, le haut, le bas, le\nchaud, le froid, le stable, l\u2019instable, l\u2019ouverture et la restriction, le jour,\nla nuit, la joie, la tristesse, la peur, la d\u00e9termination, la volont\u00e9 et le\nlaisser faire, le faire et le laisser \u00eatre.<\/span><\/p>\n\n<p style=\"margin-bottom: 0.0001pt; line-height: normal; background-image: initial; background-position: initial; background-size: initial; background-repeat: initial; background-attachment: initial; background-origin: initial; background-clip: initial;\"><span style=\"font-size: 15pt; font-family: Prompt, serif; background-image: initial; background-position: initial; background-size: initial; background-repeat: initial; background-attachment: initial; background-origin: initial; background-clip: initial;\">J\u2019aurais pu aussi vous dire que la m\u00e9ditation\nse passe de mot, de description, de technique, qu&rsquo;elle est un \u00e9tat d&rsquo;ouverture et s\u2019exp\u00e9rimente afin de l&rsquo;appliquer dans tous les moments de la vie. J&rsquo;aurais pu vous dire que la m\u00e9ditation ouvre tous les champs des\npossibles.<\/span><\/p>\n\n<p style=\"margin-bottom: 0.0001pt; line-height: normal; background-image: initial; background-position: initial; background-size: initial; background-repeat: initial; background-attachment: initial; background-origin: initial; background-clip: initial;\"><span style=\"font-size: 15pt; font-family: Prompt, serif; background-image: initial; background-position: initial; background-size: initial; background-repeat: initial; background-attachment: initial; background-origin: initial; background-clip: initial;\">Je vous proposerai durant nos s\u00e9ances un\naccompagnement vers une exp\u00e9rience qui vous est propre et dont sa singularit\u00e9\nen fera une exp\u00e9rience ni parfaite, ni imparfaite, juste votre exp\u00e9rience. Nous\nexplorerons plusieurs supports, ni resterons dans la pleine conscience, dans la bienveillance, dans la curiosit\u00e9 et nous\naccueillerons dans la joie.<o:p><\/o:p><\/span><\/p>\n<p style=\"margin-bottom: 0.0001pt; line-height: normal; background-image: initial; background-position: initial; background-size: initial; background-repeat: initial; background-attachment: initial; background-origin: initial; background-clip: initial;\"><span style=\"font-size: 11.5pt; font-family: 'Segoe UI Historic','sans-serif'; mso-fareast-font-family: 'Times New Roman'; color: #050505; mso-fareast-language: FR;\">&nbsp;<\/span><\/p>\t\t\t\t\t\t<\/div>\n\t\t\t\t<\/div>\n\t\t\t\t\t<\/div>\n\t\t<\/div>\n\t\t\t\t\t\t\t<\/div>\n\t\t<\/section>\n\t\t\t\t\t\t<\/div>\n\t\t\t\t\t<\/div>\n\t\t","protected":false},"excerpt":{"rendered":"<p>La m\u00e9ditation est un \u00e9l\u00e9ment essentiel dans la pratique du Yoga. Elle fait partie des 8 branches de l&rsquo;arbre du Yoga. Son nom sanskrit est Dyana. Ce n&rsquo;est pas toujours facile d&rsquo;expliquer ce qu&rsquo;est la m\u00e9ditation car c&rsquo;est une exp\u00e9rience si personnelle mais c&rsquo;est avec plaisir que je vous partage &hellip; <\/p>\n","protected":false},"author":1,"featured_media":0,"parent":0,"menu_order":0,"comment_status":"closed","ping_status":"closed","template":"elementor_theme","meta":{"footnotes":""},"class_list":["post-137","page","type-page","status-publish","hentry","has-meta has-sticky-meta"],"_links":{"self":[{"href":"https:\/\/coeur-deyoga.com\/index.php\/wp-json\/wp\/v2\/pages\/137","targetHints":{"allow":["GET"]}}],"collection":[{"href":"https:\/\/coeur-deyoga.com\/index.php\/wp-json\/wp\/v2\/pages"}],"about":[{"href":"https:\/\/coeur-deyoga.com\/index.php\/wp-json\/wp\/v2\/types\/page"}],"author":[{"embeddable":true,"href":"https:\/\/coeur-deyoga.com\/index.php\/wp-json\/wp\/v2\/users\/1"}],"replies":[{"embeddable":true,"href":"https:\/\/coeur-deyoga.com\/index.php\/wp-json\/wp\/v2\/comments?post=137"}],"version-history":[{"count":16,"href":"https:\/\/coeur-deyoga.com\/index.php\/wp-json\/wp\/v2\/pages\/137\/revisions"}],"predecessor-version":[{"id":907,"href":"https:\/\/coeur-deyoga.com\/index.php\/wp-json\/wp\/v2\/pages\/137\/revisions\/907"}],"wp:attachment":[{"href":"https:\/\/coeur-deyoga.com\/index.php\/wp-json\/wp\/v2\/media?parent=137"}],"curies":[{"name":"wp","href":"https:\/\/api.w.org\/{rel}","templated":true}]}}